{"id":33,"date":"2023-10-06T08:38:09","date_gmt":"2023-10-06T11:38:09","guid":{"rendered":"https:\/\/mub.nano.tv.br\/?page_id=33"},"modified":"2023-10-16T11:41:24","modified_gmt":"2023-10-16T14:41:24","slug":"contato","status":"publish","type":"page","link":"https:\/\/mub.nano.tv.br\/index.php\/contato\/","title":{"rendered":"Contato"},"content":{"rendered":"<p>[et_pb_section fb_built=&#8221;1&#8243; _builder_version=&#8221;4.22.2&#8243; _module_preset=&#8221;default&#8221; use_background_color_gradient=&#8221;on&#8221; background_color_gradient_direction=&#8221;90deg&#8221; background_color_gradient_stops=&#8221;#eff0f3 0%|#ffffff 100%&#8221; global_colors_info=&#8221;{}&#8221;][et_pb_row column_structure=&#8221;2_5,3_5&#8243; _builder_version=&#8221;4.22.2&#8243; _module_preset=&#8221;default&#8221; global_colors_info=&#8221;{}&#8221;][et_pb_column type=&#8221;2_5&#8243; _builder_version=&#8221;4.22.2&#8243; _module_preset=&#8221;default&#8221; global_colors_info=&#8221;{}&#8221;][et_pb_post_title meta=&#8221;off&#8221; featured_image=&#8221;off&#8221; _builder_version=&#8221;4.22.2&#8243; _module_preset=&#8221;default&#8221; title_font=&#8221;Gilroy Semi Bold|||on|||||&#8221; title_text_align=&#8221;center&#8221; title_font_size=&#8221;14px&#8221; max_width=&#8221;100px&#8221; module_alignment=&#8221;left&#8221; custom_margin=&#8221;||0px||false|false&#8221; custom_padding=&#8221;10px||0px||false|false&#8221; border_radii=&#8221;on|32px|32px|32px|32px&#8221; border_width_all=&#8221;1px&#8221; border_color_all=&#8221;#4265C2&#8243; global_colors_info=&#8221;{}&#8221;][\/et_pb_post_title][et_pb_text _builder_version=&#8221;4.22.2&#8243; _module_preset=&#8221;default&#8221; text_font=&#8221;Gilroy Medium||||||||&#8221; text_text_color=&#8221;#495057&#8243; text_font_size=&#8221;20px&#8221; text_line_height=&#8221;35px&#8221; header_2_font=&#8221;Gilroy Extra Bold||||||||&#8221; header_2_font_size=&#8221;64px&#8221; header_2_line_height=&#8221;2em&#8221; global_colors_info=&#8221;{}&#8221;]<\/p>\n<h2>Fale conosco<\/h2>\n<p>Tire suas d\u00favidas e saiba como organizar, controlar e centralizar a gest\u00e3o dos fluxos de trabalho, automatizando todas as \u00e1reas da sua empresa.<\/p>\n<p>[\/et_pb_text][\/et_pb_column][et_pb_column type=&#8221;3_5&#8243; _builder_version=&#8221;4.22.2&#8243; _module_preset=&#8221;default&#8221; global_colors_info=&#8221;{}&#8221;][et_pb_text _builder_version=&#8221;4.22.2&#8243; _module_preset=&#8221;default&#8221; header_3_font=&#8221;Gilroy Extra Bold||||||||&#8221; header_3_text_align=&#8221;center&#8221; header_3_font_size=&#8221;24px&#8221; background_color=&#8221;#ffffff&#8221; custom_padding=&#8221;35px|46px|35px|46px|true|true&#8221; hover_enabled=&#8221;0&#8243; border_radii=&#8221;on|16px|16px|16px|16px&#8221; box_shadow_style=&#8221;preset1&#8243; box_shadow_vertical=&#8221;4px&#8221; box_shadow_blur=&#8221;68px&#8221; box_shadow_spread=&#8221;3px&#8221; box_shadow_color=&#8221;rgba(74,95,169,0.18)&#8221; global_colors_info=&#8221;{}&#8221; sticky_enabled=&#8221;0&#8243;]<\/p>\n<h3><span>Preencha o formul\u00e1rio abaixo e<br \/>\nentraremos em contato com voc\u00ea.<\/span><\/h3>\n<p><iframe src=\"https:\/\/content.atendare.com\/form\/iRQ1QmeJAnWaNS1FiBzQnLD3YlaYYIN7kGq649cw5jZWuaYF1hFgGT64OtCeMlQwaxVgB5hJ7csERMHXS05QDGXwITPi46kRYCv3\/58c81158_faa1_423c_a35f_b0560c5e3df3?referrer=https:\/\/mub.nano.tv.br\/index.php\/blog\/\" id=\"form_58c81158_faa1_423c_a35f_b0560c5e3df3_8071651834\" style=\"border: none; display: block; width: 100%; height: 800px;\"><\/iframe>[\/et_pb_text][\/et_pb_column][\/et_pb_row][\/et_pb_section]<\/p>\n","protected":false},"excerpt":{"rendered":"<p>Fale conosco Tire suas d\u00favidas e saiba como organizar, controlar e centralizar a gest\u00e3o dos fluxos de trabalho, automatizando todas as \u00e1reas da sua empresa.Preencha o formul\u00e1rio abaixo e entraremos em contato com voc\u00ea.<\/p>\n","protected":false},"author":1,"featured_media":0,"parent":0,"menu_order":0,"comment_status":"closed","ping_status":"closed","template":"","meta":{"_et_pb_use_builder":"on","_et_pb_old_content":"<!-- wp:divi\/placeholder \/-->","_et_gb_content_width":"","footnotes":""},"class_list":["post-33","page","type-page","status-publish","hentry"],"_links":{"self":[{"href":"https:\/\/mub.nano.tv.br\/index.php\/wp-json\/wp\/v2\/pages\/33","targetHints":{"allow":["GET"]}}],"collection":[{"href":"https:\/\/mub.nano.tv.br\/index.php\/wp-json\/wp\/v2\/pages"}],"about":[{"href":"https:\/\/mub.nano.tv.br\/index.php\/wp-json\/wp\/v2\/types\/page"}],"author":[{"embeddable":true,"href":"https:\/\/mub.nano.tv.br\/index.php\/wp-json\/wp\/v2\/users\/1"}],"replies":[{"embeddable":true,"href":"https:\/\/mub.nano.tv.br\/index.php\/wp-json\/wp\/v2\/comments?post=33"}],"version-history":[{"count":7,"href":"https:\/\/mub.nano.tv.br\/index.php\/wp-json\/wp\/v2\/pages\/33\/revisions"}],"predecessor-version":[{"id":228,"href":"https:\/\/mub.nano.tv.br\/index.php\/wp-json\/wp\/v2\/pages\/33\/revisions\/228"}],"wp:attachment":[{"href":"https:\/\/mub.nano.tv.br\/index.php\/wp-json\/wp\/v2\/media?parent=33"}],"curies":[{"name":"wp","href":"https:\/\/api.w.org\/{rel}","templated":true}]}}